{"id":465,"date":"2014-09-05T22:53:40","date_gmt":"2014-09-05T20:53:40","guid":{"rendered":"http:\/\/fliesen-holtermann.de\/?page_id=465"},"modified":"2017-03-22T10:33:34","modified_gmt":"2017-03-22T09:33:34","slug":"fliesen-mosaik-und-naturstein","status":"publish","type":"page","link":"https:\/\/fliesen-holtermann.de\/?page_id=465","title":{"rendered":"Fliesen, Mosaik und Naturstein"},"content":{"rendered":"<h2><\/h2>\n<h2><\/h2>\n<h2><\/h2>\n<h2><\/h2>\n<h2><img loading=\"lazy\" class=\"aligncenter size-medium wp-image-1151\" src=\"https:\/\/fliesen-holtermann.de\/wp-content\/uploads\/2016\/03\/MosaikBAD011162-300x203.jpg\" alt=\"Komplettes Badezimmer mit Dusche, WC und Waschbecken\" width=\"300\" height=\"203\" srcset=\"https:\/\/fliesen-holtermann.de\/wp-content\/uploads\/2016\/03\/MosaikBAD011162-300x203.jpg 300w, https:\/\/fliesen-holtermann.de\/wp-content\/uploads\/2016\/03\/MosaikBAD011162-140x94.jpg 140w, https:\/\/fliesen-holtermann.de\/wp-content\/uploads\/2016\/03\/MosaikBAD011162.jpg 840w\" sizes=\"(max-width: 300px) 100vw, 300px\" \/><\/h2>\n<h2><\/h2>\n<h2><\/h2>\n<h2 style=\"text-align: center;\">Fliesen<\/h2>\n<h4 style=\"text-align: center;\">Keramik und damit auch Fliesen wird von den Fachleuten so positiv bewertet wie kaum ein anderes Material. Es handelt sich um einen un\u00fcbertroffenen und vielseitigen Baustoff, der eine unvergleichbare Vielfalt an Materialien, Formaten, <a title=\"Weiterleitung zum Beispiel\" href=\"https:\/\/fliesen-holtermann.de\/?p=209\">Dekoren<\/a> und Designs erm\u00f6glicht. Ob Fliesen im Innen- oder Au\u00dfenbereich, an der <a title=\"Weiterleitung zum Beispiel\" href=\"https:\/\/fliesen-holtermann.de\/?p=203\">Wand<\/a> oder am <a title=\"Weiterleitung zum Beispiel\" href=\"https:\/\/fliesen-holtermann.de\/?p=165\">Boden<\/a>, ob Klein,- oder Gro\u00dfformat.\u00a0F\u00fcr jede Geschmacksrichtung und jeden Verwendungszweck gibt es die richtige Fliese.\u00a0 Auch hierzu werden wir Sie ausf\u00fchrlich beraten und inspirieren.<\/h4>\n<p><a href=\"https:\/\/fliesen-holtermann.de\/?page_id=30\">\u00a0<\/a><\/p>\n<p><img loading=\"lazy\" class=\"alignnone\" src=\"https:\/\/fliesen-holtermann.de\/wp-content\/uploads\/2013\/12\/flurbuchholz2-226x300.jpg\" alt=\"SAMSUNG CSC\" width=\"167\" height=\"196\" \/> <img loading=\"lazy\" class=\"alignnone wp-image-411 size-medium\" src=\"https:\/\/fliesen-holtermann.de\/wp-content\/uploads\/2014\/04\/llllooo-300x199.jpg\" alt=\"SAMSUNG CSC\" width=\"300\" height=\"199\" srcset=\"https:\/\/fliesen-holtermann.de\/wp-content\/uploads\/2014\/04\/llllooo-300x199.jpg 300w, https:\/\/fliesen-holtermann.de\/wp-content\/uploads\/2014\/04\/llllooo-1024x682.jpg 1024w, https:\/\/fliesen-holtermann.de\/wp-content\/uploads\/2014\/04\/llllooo-207x136.jpg 207w, https:\/\/fliesen-holtermann.de\/wp-content\/uploads\/2014\/04\/llllooo-140x94.jpg 140w\" sizes=\"(max-width: 300px) 100vw, 300px\" \/>\u00a0<img loading=\"lazy\" class=\"alignnone size-medium wp-image-755\" src=\"https:\/\/fliesen-holtermann.de\/wp-content\/uploads\/2015\/07\/TreppeWykaufF\u00f6hr2-168x300.jpg\" alt=\"\" width=\"168\" height=\"300\" srcset=\"https:\/\/fliesen-holtermann.de\/wp-content\/uploads\/2015\/07\/TreppeWykaufF\u00f6hr2-168x300.jpg 168w, https:\/\/fliesen-holtermann.de\/wp-content\/uploads\/2015\/07\/TreppeWykaufF\u00f6hr2-576x1024.jpg 576w\" sizes=\"(max-width: 168px) 100vw, 168px\" \/><\/p>\n<h2><\/h2>\n<h2 style=\"text-align: center;\">Wissenswertes<\/h2>\n<h4 style=\"text-align: center;\">Fliesen sind:<\/h4>\n<h4 style=\"text-align: center;\">&#8211;\u00a0hygienisch absolut einwandfrei!-Sie lassen sich leicht reinigen und sind zudem antistatisch sodass sich weder Staub noch Milben daran festsetzen k\u00f6nnen. Somit ist das Material besonders f\u00fcr Allergiker geeignet.<\/h4>\n<h4 style=\"text-align: center;\">&#8211; &#8222;gesund&#8220;- Bakterien, Pilzsporen und andere Krankheitserreger k\u00f6nnen sich nur sehr schwer darauf ansiedeln. Au\u00dferdem ist Keramik geruchs- und geschmacksneutral- sie d\u00fcnstet nichts aus und nimmt auch keine ungewollten Stoffe aus der Umwelt auf.<\/h4>\n<h4 style=\"text-align: center;\">&#8211;\u00a0best\u00e4ndig und langlebig &#8211; Durch seine Verarbeitung ist das Material besonders robust. Sonnen- und andere Lichtstrahlen k\u00f6nnen weder die Farbe ver\u00e4ndern noch Material Verspr\u00f6dung erzeugen.<\/h4>\n<p>&nbsp;<\/p>\n<p>&nbsp;<\/p>\n<p>&nbsp;<\/p>\n<p>&nbsp;<\/p>\n<h2 style=\"text-align: center;\">Mosaik<\/h2>\n<h4 style=\"text-align: center;\">Mosaike k\u00f6nnen zum Highlight eines jeden Raumes werden!<\/h4>\n<h4 style=\"text-align: center;\">Ein Bad z.B. wandelt sich\u00a0durch die sch\u00f6nen Verzierungen schnell in eine Wohlf\u00fchloase mit Wellness-Atmosph\u00e4re. Die Verwendung von Mosaiken beschr\u00e4nkt sich jedoch nicht nur auf Nassr\u00e4ume. Die gezielte\u00a0Einarbeitung\u00a0der bunten Stein-, Fliesen- oder Glaspl\u00e4ttchen in K\u00fcchen und Wohnr\u00e4umen ist ebenfalls m\u00f6glich &#8211; Warum denn auch die sch\u00f6nen Bilder immer an der Wand, auch auf dem Fu\u00dfboden verleiten sie dem Eigenheim einen eigenen Charakter.<\/h4>\n<h4 style=\"text-align: center;\">Gerne werden wir Sie hierzu individuell nach Ihren W\u00fcnschen und Vorstellungen beraten.<\/h4>\n<h3><a href=\"https:\/\/fliesen-holtermann.de\/wp-content\/uploads\/2015\/01\/SAM_2542.jpg\"><img loading=\"lazy\" class=\"alignnone wp-image-516 size-medium\" src=\"https:\/\/fliesen-holtermann.de\/wp-content\/uploads\/2015\/01\/SAM_2542-300x200.jpg\" alt=\"SAMSUNG CSC\" width=\"300\" height=\"200\" srcset=\"https:\/\/fliesen-holtermann.de\/wp-content\/uploads\/2015\/01\/SAM_2542-300x200.jpg 300w, https:\/\/fliesen-holtermann.de\/wp-content\/uploads\/2015\/01\/SAM_2542-1024x682.jpg 1024w, https:\/\/fliesen-holtermann.de\/wp-content\/uploads\/2015\/01\/SAM_2542-140x94.jpg 140w, https:\/\/fliesen-holtermann.de\/wp-content\/uploads\/2015\/01\/SAM_2542.jpg 1150w\" sizes=\"(max-width: 300px) 100vw, 300px\" \/> <\/a><img loading=\"lazy\" class=\"alignnone wp-image-523 size-medium\" src=\"https:\/\/fliesen-holtermann.de\/wp-content\/uploads\/2015\/01\/Schachbrett-300x200.jpg\" alt=\"SAMSUNG CSC\" width=\"300\" height=\"200\" srcset=\"https:\/\/fliesen-holtermann.de\/wp-content\/uploads\/2015\/01\/Schachbrett-300x200.jpg 300w, https:\/\/fliesen-holtermann.de\/wp-content\/uploads\/2015\/01\/Schachbrett-1024x682.jpg 1024w, https:\/\/fliesen-holtermann.de\/wp-content\/uploads\/2015\/01\/Schachbrett-140x94.jpg 140w, https:\/\/fliesen-holtermann.de\/wp-content\/uploads\/2015\/01\/Schachbrett.jpg 1642w\" sizes=\"(max-width: 300px) 100vw, 300px\" \/> \u00a0\u00a0<img loading=\"lazy\" class=\"alignnone size-medium wp-image-714\" src=\"https:\/\/fliesen-holtermann.de\/wp-content\/uploads\/2014\/04\/20150426_111313kkk-168x300.jpg\" alt=\"\" width=\"168\" height=\"300\" srcset=\"https:\/\/fliesen-holtermann.de\/wp-content\/uploads\/2014\/04\/20150426_111313kkk-168x300.jpg 168w, https:\/\/fliesen-holtermann.de\/wp-content\/uploads\/2014\/04\/20150426_111313kkk-576x1024.jpg 576w\" sizes=\"(max-width: 168px) 100vw, 168px\" \/><\/h3>\n<h3><\/h3>\n<p>&nbsp;<\/p>\n<p>&nbsp;<\/p>\n<p>&nbsp;<\/p>\n<h1 style=\"text-align: center;\">Naturstein<\/h1>\n<h4 style=\"text-align: center;\">Mit Naturstein lassen sich B\u00e4der, K\u00fcchen, Wohnr\u00e4ume, Terrassen und auch Balkone beinahe unbegrenzter Weise gestalten. Verwendet werden kann der Stein beispielweise als Bodenbelag oder auch als Maurerstein. Die Verwendung von Naturwerkstein erm\u00f6glicht unkonventionelle und kreative L\u00f6sungen und Dekors f\u00fcr jeden Wohnraum.<br \/>\nWir besprechen\u00a0Ihre Ideen und W\u00fcnsche und unterbreiten gerne Vorschl\u00e4ge f\u00fcr den Einsatz des Natursteins.<\/h4>\n<p>&nbsp;<\/p>\n<p><img loading=\"lazy\" class=\"aligncenter\" src=\"https:\/\/fliesen-holtermann.de\/wp-content\/uploads\/2013\/12\/20130129_184525-150x150.jpg\" alt=\"20130129_184525\" width=\"182\" height=\"182\" \/><\/p>\n<h4 style=\"text-align: center;\">Beispiele der verschiedenen\u00a0 Natursteine:<\/h4>\n<h4 style=\"text-align: center;\">&#8211; Kalkstein\u00a0&#8211; Marmor\u00a0&#8211; Granit\u00a0&#8211; Schiefer\u00a0&#8211; Sandstein<\/h4>\n<p>&nbsp;<\/p>\n<p>&nbsp;<\/p>\n<p>&nbsp;<\/p>\n","protected":false},"excerpt":{"rendered":"<p>Fliesen Keramik und damit auch Fliesen wird von den Fachleuten so positiv bewertet wie kaum ein anderes Material. Es handelt sich um einen un\u00fcbertroffenen und vielseitigen Baustoff, der eine unvergleichbare Vielfalt an Materialien, Formaten, Dekoren und Designs erm\u00f6glicht. Ob Fliesen im Innen- oder Au\u00dfenbereich, an der Wand oder am Boden, ob Klein,- oder Gro\u00dfformat.\u00a0F\u00fcr jede [&hellip;]<\/p>\n","protected":false},"author":1,"featured_media":1618,"parent":0,"menu_order":0,"comment_status":"closed","ping_status":"closed","template":"page-full.php","meta":[],"_links":{"self":[{"href":"https:\/\/fliesen-holtermann.de\/index.php?rest_route=\/wp\/v2\/pages\/465"}],"collection":[{"href":"https:\/\/fliesen-holtermann.de\/index.php?rest_route=\/wp\/v2\/pages"}],"about":[{"href":"https:\/\/fliesen-holtermann.de\/index.php?rest_route=\/wp\/v2\/types\/page"}],"author":[{"embeddable":true,"href":"https:\/\/fliesen-holtermann.de\/index.php?rest_route=\/wp\/v2\/users\/1"}],"replies":[{"embeddable":true,"href":"https:\/\/fliesen-holtermann.de\/index.php?rest_route=%2Fwp%2Fv2%2Fcomments&post=465"}],"version-history":[{"count":21,"href":"https:\/\/fliesen-holtermann.de\/index.php?rest_route=\/wp\/v2\/pages\/465\/revisions"}],"predecessor-version":[{"id":1853,"href":"https:\/\/fliesen-holtermann.de\/index.php?rest_route=\/wp\/v2\/pages\/465\/revisions\/1853"}],"wp:featuredmedia":[{"embeddable":true,"href":"https:\/\/fliesen-holtermann.de\/index.php?rest_route=\/wp\/v2\/media\/1618"}],"wp:attachment":[{"href":"https:\/\/fliesen-holtermann.de\/index.php?rest_route=%2Fwp%2Fv2%2Fmedia&parent=465"}],"curies":[{"name":"wp","href":"https:\/\/api.w.org\/{rel}","templated":true}]}}