{"id":2151,"date":"2020-06-15T15:56:30","date_gmt":"2020-06-15T13:56:30","guid":{"rendered":"https:\/\/fliesen-holtermann.de\/?page_id=2151"},"modified":"2021-08-24T08:30:00","modified_gmt":"2021-08-24T06:30:00","slug":"jobs","status":"publish","type":"page","link":"https:\/\/fliesen-holtermann.de\/?page_id=2151","title":{"rendered":"Jobs"},"content":{"rendered":"\n<figure class=\"wp-block-image size-large\"><img loading=\"lazy\" width=\"227\" height=\"160\" src=\"https:\/\/fliesen-holtermann.de\/wp-content\/uploads\/2016\/07\/ID_143_Aufkleber_wir-bilden-aus2_WEB2.jpg\" alt=\"\" class=\"wp-image-1289\"\/><\/figure>\n\n\n\n<h2><strong>Auszubildender zum<br>Fliesen-, Platten- und Mosaikleger m\/w\/d<\/strong><\/h2>\n\n\n\n<h3>f\u00fcr die Jahre 2023 &amp; 2024<\/h3>\n\n\n\n<hr class=\"wp-block-separator\"\/>\n\n\n\n<p>In den drei Jahren der Ausbildungsdauer sind Deine Hauptaufgaben die Verkleidung von W\u00e4nden, Bodenfl\u00e4chen und Fassaden mit Bodenfliesen und Wandfliesen aus Natur- oder Kunststein, aus Glas, Keramik oder Mosaiken.<\/p>\n\n\n\n<p>Ob drinnen oder drau\u00dfen &#8211; mit deiner Arbeit verleihst du W\u00e4nden und B\u00f6den der Immobilien eine ansprechende Optik sowie individuelle Note. Du misst, skizzierst und richtest Baustellen ein. Bald \u00fcbernimmst du auch selbst\u00e4ndig die Kalkulation und Berechnung f\u00fcr Materialbedarf und Arbeitszeit. Du lernst, Platten, Fliesen und D\u00e4mmstoffe sauber zu verlegen und einzubauen, zu verfugen oder auch zu reparieren. Du bereitest Untergr\u00fcnde und das zu verlegende Material vor und stellst M\u00f6rtel, Kleber, Putz und Abdichtungen her. Und deine Kundinnen und Kunden? Die sch\u00e4tzen deine Arbeit sehr, da sie Atmosph\u00e4re und Sauberkeit erst m\u00f6glich macht.<\/p>\n\n\n\n<hr class=\"wp-block-separator\"\/>\n\n\n\n<p><strong>Das bieten wir:<\/strong><\/p>\n\n\n\n<p><strong>Ausbildungsdauer:<\/strong> 3 Jahre  (Verk\u00fcrzung auf 2-2,5 Jahre m\u00f6glich)<\/p>\n\n\n\n<p><strong>Art der Ausbildung:<\/strong>&nbsp;dual (Berufsschule und Betrieb)<\/p>\n\n\n\n<p><strong>Zust\u00e4ndige Stelle:<\/strong>&nbsp;IHK oder HWK<\/p>\n\n\n\n<p><strong>Ausbildungsorte:<\/strong> in Industrie- und Handwerksbetrieben der Bauwirtschaft, in geschlossenen R\u00e4umen, auf Baustellen in Rohbauten, im Freien<\/p>\n\n\n\n<p><strong>Besonderheiten: <\/strong>Wir bieten ein \u00fcberdurchschnittlich hohes Ausbildungsgehalt&nbsp;und hohe Chancen auf eine Festanstellung nach&nbsp;der Ausbildung<\/p>\n\n\n\n<p>1. Ausbildungsjahr &nbsp;890 \u20ac<br>2.Ausbildungsjahr 1.230\u20ac<br>3.Ausbildungsjahr 1.495\u20ac<\/p>\n\n\n\n<h6>Stand &nbsp;01.01.2021 \u2013&nbsp;<strong><a href=\"https:\/\/www.soka-bau.de\/arbeitgeber\/leistungen\/berufsausbildung\/zahlung-und-erstattung\/\">SOKA-BAU<\/a><\/strong><\/h6>\n\n\n\n<p>Mehr Infos zur&nbsp;<strong><a href=\"https:\/\/www.hwk-bls.de\/de\/ausbildung\/ausbildung-im-handwerk\">Ausbildung im Handwerk<\/a><\/strong><\/p>\n\n\n\n<hr class=\"wp-block-separator\"\/>\n\n\n\n<p><strong>Du bringst mit:<\/strong><\/p>\n\n\n\n<p>&#8211; ein hohes Interesse f\u00fcr Mathe &amp; Technik<br>&#8211; handwerkliches Geschick <br>&#8211; einen guten Hauptschulabschluss<br>&#8211; K\u00f6rperliche Fitness<\/p>\n\n\n\n<hr class=\"wp-block-separator\"\/>\n\n\n\n<p>Du bist interessiert und m\u00f6chtest Dich bewerben?<br>Dann ruf uns an  unter 04267 77 02 433 oder sende uns Deine ausf\u00fchrlichen Bewerbungsunterlagen per E-Mail an: <br><a href=\"mailto:info@fliesen-holtermann.de\">info@fliesen-holtermann.de<\/a><\/p>\n\n\n\n<p>Wir freuen uns auf Dich!<\/p>\n\n\n\n<p><\/p>\n","protected":false},"excerpt":{"rendered":"<p>Auszubildender zumFliesen-, Platten- und Mosaikleger m\/w\/d f\u00fcr die Jahre 2023 &amp; 2024 In den drei Jahren der Ausbildungsdauer sind Deine Hauptaufgaben die Verkleidung von W\u00e4nden, Bodenfl\u00e4chen und Fassaden mit Bodenfliesen und Wandfliesen aus Natur- oder Kunststein, aus Glas, Keramik oder Mosaiken. Ob drinnen oder drau\u00dfen &#8211; mit deiner Arbeit verleihst du W\u00e4nden und B\u00f6den der [&hellip;]<\/p>\n","protected":false},"author":1,"featured_media":0,"parent":0,"menu_order":0,"comment_status":"closed","ping_status":"closed","template":"page-full.php","meta":[],"_links":{"self":[{"href":"https:\/\/fliesen-holtermann.de\/index.php?rest_route=\/wp\/v2\/pages\/2151"}],"collection":[{"href":"https:\/\/fliesen-holtermann.de\/index.php?rest_route=\/wp\/v2\/pages"}],"about":[{"href":"https:\/\/fliesen-holtermann.de\/index.php?rest_route=\/wp\/v2\/types\/page"}],"author":[{"embeddable":true,"href":"https:\/\/fliesen-holtermann.de\/index.php?rest_route=\/wp\/v2\/users\/1"}],"replies":[{"embeddable":true,"href":"https:\/\/fliesen-holtermann.de\/index.php?rest_route=%2Fwp%2Fv2%2Fcomments&post=2151"}],"version-history":[{"count":22,"href":"https:\/\/fliesen-holtermann.de\/index.php?rest_route=\/wp\/v2\/pages\/2151\/revisions"}],"predecessor-version":[{"id":2250,"href":"https:\/\/fliesen-holtermann.de\/index.php?rest_route=\/wp\/v2\/pages\/2151\/revisions\/2250"}],"wp:attachment":[{"href":"https:\/\/fliesen-holtermann.de\/index.php?rest_route=%2Fwp%2Fv2%2Fmedia&parent=2151"}],"curies":[{"name":"wp","href":"https:\/\/api.w.org\/{rel}","templated":true}]}}