{"id":20,"date":"2013-12-25T22:44:29","date_gmt":"2013-12-25T21:44:29","guid":{"rendered":"http:\/\/fliesen-holtermann.de\/?page_id=20"},"modified":"2018-08-13T20:45:11","modified_gmt":"2018-08-13T18:45:11","slug":"ueber-mich","status":"publish","type":"page","link":"https:\/\/fliesen-holtermann.de\/?page_id=20","title":{"rendered":"\u00dcber mich"},"content":{"rendered":"<p style=\"text-align: left;\">Mein Name ist <a title=\"Kontakt\" href=\"https:\/\/fliesen-holtermann.de\/?page_id=13\">Marcel Holtermann<\/a>,<\/p>\n<p>schon im jungen Alter tr\u00e4umte ich davon, den Beruf des Fliesenlegers zu erlernen,\u00a0also begann ich im Jahre 2006 die Ausbildung zum Fliesen-, Platten- u. Mosaikleger.<\/p>\n<p>W\u00e4hrend meiner Ausbildung stellte ich fest, was man mit der Liebe zum Detail auch aus einfachsten Materialien wie Keramik, Glas, Metall oder Kunststoffe alles zaubern kann.<\/p>\n<p>Im Jahr 2008 beendete ich mit gro\u00dfem Erfolg die Ausbildung und wurde in meinem Ausbildungsbetrieb \u00fcbernommen. Jahr f\u00fcr Jahr stellte ich fest, wie gl\u00fccklich es mich selber macht die Kunden mit meiner geleisteten Arbeit zu begeistern. Nach f\u00fcnf Jahren als Geselle entschloss ich mich dazu, im Jahr 2014 den Weg einzulenken eine eigene Existenz zu Gr\u00fcnden.<\/p>\n<p>F\u00fcr meine Zukunft w\u00fcnsche ich mir durch meine saubere und umfangreiche Arbeit viele zufriedene Kunden.<\/p>\n<p style=\"text-align: center;\"><img loading=\"lazy\" class=\"wp-image-1540 alignleft\" src=\"https:\/\/fliesen-holtermann.de\/wp-content\/uploads\/2016\/07\/IMG_2573-e1469538199556-768x1024.jpg\" alt=\"MH2016\" width=\"404\" height=\"538\" srcset=\"https:\/\/fliesen-holtermann.de\/wp-content\/uploads\/2016\/07\/IMG_2573-e1469538199556-768x1024.jpg 768w, https:\/\/fliesen-holtermann.de\/wp-content\/uploads\/2016\/07\/IMG_2573-e1469538199556-225x300.jpg 225w\" sizes=\"(max-width: 404px) 100vw, 404px\" \/><\/p>\n<p>&nbsp;<\/p>\n","protected":false},"excerpt":{"rendered":"<p>Mein Name ist Marcel Holtermann, schon im jungen Alter tr\u00e4umte ich davon, den Beruf des Fliesenlegers zu erlernen,\u00a0also begann ich im Jahre 2006 die Ausbildung zum Fliesen-, Platten- u. Mosaikleger. W\u00e4hrend meiner Ausbildung stellte ich fest, was man mit der Liebe zum Detail auch aus einfachsten Materialien wie Keramik, Glas, Metall oder Kunststoffe alles zaubern [&hellip;]<\/p>\n","protected":false},"author":1,"featured_media":407,"parent":0,"menu_order":0,"comment_status":"open","ping_status":"closed","template":"page-full.php","meta":[],"_links":{"self":[{"href":"https:\/\/fliesen-holtermann.de\/index.php?rest_route=\/wp\/v2\/pages\/20"}],"collection":[{"href":"https:\/\/fliesen-holtermann.de\/index.php?rest_route=\/wp\/v2\/pages"}],"about":[{"href":"https:\/\/fliesen-holtermann.de\/index.php?rest_route=\/wp\/v2\/types\/page"}],"author":[{"embeddable":true,"href":"https:\/\/fliesen-holtermann.de\/index.php?rest_route=\/wp\/v2\/users\/1"}],"replies":[{"embeddable":true,"href":"https:\/\/fliesen-holtermann.de\/index.php?rest_route=%2Fwp%2Fv2%2Fcomments&post=20"}],"version-history":[{"count":26,"href":"https:\/\/fliesen-holtermann.de\/index.php?rest_route=\/wp\/v2\/pages\/20\/revisions"}],"predecessor-version":[{"id":2021,"href":"https:\/\/fliesen-holtermann.de\/index.php?rest_route=\/wp\/v2\/pages\/20\/revisions\/2021"}],"wp:featuredmedia":[{"embeddable":true,"href":"https:\/\/fliesen-holtermann.de\/index.php?rest_route=\/wp\/v2\/media\/407"}],"wp:attachment":[{"href":"https:\/\/fliesen-holtermann.de\/index.php?rest_route=%2Fwp%2Fv2%2Fmedia&parent=20"}],"curies":[{"name":"wp","href":"https:\/\/api.w.org\/{rel}","templated":true}]}}