{"id":1973,"date":"2017-11-23T15:00:11","date_gmt":"2017-11-23T14:00:11","guid":{"rendered":"http:\/\/fliesen-holtermann.de\/?page_id=1973"},"modified":"2017-11-23T21:40:19","modified_gmt":"2017-11-23T20:40:19","slug":"unser-leistungsangebot","status":"publish","type":"page","link":"https:\/\/fliesen-holtermann.de\/?page_id=1973","title":{"rendered":"Unser Leistungsangebot"},"content":{"rendered":"<h3 style=\"text-align: left\"><span style=\"color: #000000\">Unser Leistungsangebot umfasst folgende Bereiche:<\/span><\/h3>\n<ul>\n<li>\n<h4><span style=\"color: #ffffff\">Verlegung von Wand- und Bodenfliesen<\/span><\/h4>\n<\/li>\n<li>\n<h4><span style=\"color: #ffffff\">Verlegung von Mosaik und Naturstein<\/span><\/h4>\n<\/li>\n<li>\n<h4><span style=\"color: #ffffff\">Fliesenbel\u00e4ge im Au\u00dfenbereich (Terrasse, Balkon, Treppe)<\/span><\/h4>\n<\/li>\n<li>\n<h4><span style=\"color: #ffffff\">Elastische Verfugungen (Silikon)<\/span><\/h4>\n<\/li>\n<\/ul>\n<h3 style=\"text-align: left\"><span style=\"color: #000000\">Sie m\u00f6chten beispielsweise Ihr Badezimmer sanieren? Im Sanierungsbereich bieten wir Ihnen zus\u00e4tzlich folgende Leistungen an:<\/span><\/h3>\n<ul>\n<li>\n<h4><span style=\"color: #ffffff\">Stemmarbeiten<\/span><\/h4>\n<\/li>\n<li>\n<h4><span style=\"color: #ffffff\">Estricharbeiten\u00a0<\/span><\/h4>\n<\/li>\n<li>\n<h4 style=\"text-align: left\"><span style=\"color: #ffffff\">Kleinere Maurerarbeiten\u00a0<\/span><\/h4>\n<\/li>\n<li>\n<h4><span style=\"color: #ffffff\">Spachtelarbeiten <\/span><\/h4>\n<\/li>\n<\/ul>\n","protected":false},"excerpt":{"rendered":"<p>Unser Leistungsangebot umfasst folgende Bereiche: Verlegung von Wand- und Bodenfliesen Verlegung von Mosaik und Naturstein Fliesenbel\u00e4ge im Au\u00dfenbereich (Terrasse, Balkon, Treppe) Elastische Verfugungen (Silikon) Sie m\u00f6chten beispielsweise Ihr Badezimmer sanieren? Im Sanierungsbereich bieten wir Ihnen zus\u00e4tzlich folgende Leistungen an: Stemmarbeiten Estricharbeiten\u00a0 Kleinere Maurerarbeiten\u00a0 Spachtelarbeiten<\/p>\n","protected":false},"author":1,"featured_media":1931,"parent":0,"menu_order":0,"comment_status":"closed","ping_status":"closed","template":"","meta":[],"_links":{"self":[{"href":"https:\/\/fliesen-holtermann.de\/index.php?rest_route=\/wp\/v2\/pages\/1973"}],"collection":[{"href":"https:\/\/fliesen-holtermann.de\/index.php?rest_route=\/wp\/v2\/pages"}],"about":[{"href":"https:\/\/fliesen-holtermann.de\/index.php?rest_route=\/wp\/v2\/types\/page"}],"author":[{"embeddable":true,"href":"https:\/\/fliesen-holtermann.de\/index.php?rest_route=\/wp\/v2\/users\/1"}],"replies":[{"embeddable":true,"href":"https:\/\/fliesen-holtermann.de\/index.php?rest_route=%2Fwp%2Fv2%2Fcomments&post=1973"}],"version-history":[{"count":8,"href":"https:\/\/fliesen-holtermann.de\/index.php?rest_route=\/wp\/v2\/pages\/1973\/revisions"}],"predecessor-version":[{"id":1987,"href":"https:\/\/fliesen-holtermann.de\/index.php?rest_route=\/wp\/v2\/pages\/1973\/revisions\/1987"}],"wp:featuredmedia":[{"embeddable":true,"href":"https:\/\/fliesen-holtermann.de\/index.php?rest_route=\/wp\/v2\/media\/1931"}],"wp:attachment":[{"href":"https:\/\/fliesen-holtermann.de\/index.php?rest_route=%2Fwp%2Fv2%2Fmedia&parent=1973"}],"curies":[{"name":"wp","href":"https:\/\/api.w.org\/{rel}","templated":true}]}}