{"id":13,"date":"2013-12-25T22:18:05","date_gmt":"2013-12-25T22:18:05","guid":{"rendered":"http:\/\/fliesen-holtermann.de\/?page_id=13"},"modified":"2021-02-15T13:16:16","modified_gmt":"2021-02-15T12:16:16","slug":"kontakt","status":"publish","type":"page","link":"https:\/\/fliesen-holtermann.de\/?page_id=13","title":{"rendered":"Kontakt"},"content":{"rendered":"<h2>\u00a0<\/h2>\n<h2>\u00a0<\/h2>\n<h2>Wir freuen uns auf Ihre Anfrage!<\/h2>\n<p>\u00a0<\/p>\n<div role=\"form\" class=\"wpcf7\" id=\"wpcf7-f1859-o1\" lang=\"de-DE\" dir=\"ltr\">\n<div class=\"screen-reader-response\"><p role=\"status\" aria-live=\"polite\" aria-atomic=\"true\"><\/p> <ul><\/ul><\/div>\n<form action=\"\/index.php?rest_route=%2Fwp%2Fv2%2Fpages%2F13#wpcf7-f1859-o1\" method=\"post\" class=\"wpcf7-form init\" novalidate=\"novalidate\" data-status=\"init\">\n<div style=\"display: none;\">\n<input type=\"hidden\" name=\"_wpcf7\" value=\"1859\" \/>\n<input type=\"hidden\" name=\"_wpcf7_version\" value=\"5.3.2\" \/>\n<input type=\"hidden\" name=\"_wpcf7_locale\" value=\"de_DE\" \/>\n<input type=\"hidden\" name=\"_wpcf7_unit_tag\" value=\"wpcf7-f1859-o1\" \/>\n<input type=\"hidden\" name=\"_wpcf7_container_post\" value=\"0\" \/>\n<input type=\"hidden\" name=\"_wpcf7_posted_data_hash\" value=\"\" \/>\n<\/div>\n<p><label> Ihr Name*<br \/>\n    <span class=\"wpcf7-form-control-wrap your-name\"><input type=\"text\" name=\"your-name\" value=\"\" size=\"40\" class=\"wpcf7-form-control wpcf7-text wpcf7-validates-as-required\" aria-required=\"true\" aria-invalid=\"false\" \/><\/span> <\/label><\/p>\n<p><label> Betreff*<br \/>\n<span class=\"wpcf7-form-control-wrap Betreff\"><input type=\"text\" name=\"Betreff\" value=\"\" size=\"40\" class=\"wpcf7-form-control wpcf7-text wpcf7-validates-as-required\" aria-required=\"true\" aria-invalid=\"false\" \/><\/span> <\/label><\/p>\n<p><label> Ihre E-Mail-Adresse*<br \/>\n    <span class=\"wpcf7-form-control-wrap your-email\"><input type=\"email\" name=\"your-email\" value=\"\" size=\"40\" class=\"wpcf7-form-control wpcf7-text wpcf7-email wpcf7-validates-as-required wpcf7-validates-as-email\" aria-required=\"true\" aria-invalid=\"false\" \/><\/span> <\/label><\/p>\n<p><label> Ihre Nachricht<br \/>\n    <span class=\"wpcf7-form-control-wrap your-message\"><textarea name=\"your-message\" cols=\"40\" rows=\"10\" class=\"wpcf7-form-control wpcf7-textarea\" aria-invalid=\"false\"><\/textarea><\/span> <\/label><\/p>\n<p><span class=\"wpcf7-form-control-wrap Datenschutz\"><span class=\"wpcf7-form-control wpcf7-acceptance\"><span class=\"wpcf7-list-item\"><input type=\"checkbox\" name=\"Datenschutz\" value=\"1\" aria-invalid=\"false\" \/><\/span><\/span><\/span>Ich bin damit einverstanden, dass die Firma Fliesen Holtermann meine\/unsere Daten f\u00fcr eine Kontaktaufnahme elektronisch speichert und verarbeitet. Die Daten werden nach den geltenden Datenschutzrichtlinien verarbeitet und nicht an Dritte weitergegeben. Bevor du das Formular abschickst, muss die Datenschutzerkl\u00e4rung mit einem Haken versehen werden. Ohne diese Einwilligung werden keine Daten aus dem Formular \u00fcbermittelt. Die aktuelle Datenschutzerkl\u00e4rung kann jederzeit auf unserer Website unter \"Datenschutz\" von Ihnen abgerufen und ausgedruckt werden.<\/p>\n<p><input type=\"submit\" value=\"Senden\" class=\"wpcf7-form-control wpcf7-submit\" \/><\/p>\n<div class=\"wpcf7-response-output\" aria-hidden=\"true\"><\/div><\/form><\/div>\n<p>\u00a0<\/p>\n<h5>\u00a0<\/h5>\n<h5 style=\"text-align: left;\"><span style=\"color: #ffffff;\">Besuchen Sie uns auch auf <span style=\"color: #00ccff;\"><a style=\"color: #00ccff;\" href=\"https:\/\/www.instagram.com\/fliesenholtermann\/\">Instagram<\/a> <span style=\"color: #ffffff;\">und<\/span><\/span>\u00a0<span style=\"color: #00ccff;\"><a style=\"color: #00ccff;\" title=\"Fliesen-Holtermann auf Facebook\" href=\"https:\/\/de-de.facebook.com\/fliesenholtermann\">Facebook!<\/a><\/span><\/span><\/h5>\n\n\n<p><\/p>\n","protected":false},"excerpt":{"rendered":"<p>\u00a0 \u00a0 Wir freuen uns auf Ihre Anfrage! \u00a0 \u00a0 \u00a0 Besuchen Sie uns auch auf Instagram und\u00a0Facebook!<\/p>\n","protected":false},"author":1,"featured_media":523,"parent":0,"menu_order":0,"comment_status":"open","ping_status":"open","template":"page-full.php","meta":[],"_links":{"self":[{"href":"https:\/\/fliesen-holtermann.de\/index.php?rest_route=\/wp\/v2\/pages\/13"}],"collection":[{"href":"https:\/\/fliesen-holtermann.de\/index.php?rest_route=\/wp\/v2\/pages"}],"about":[{"href":"https:\/\/fliesen-holtermann.de\/index.php?rest_route=\/wp\/v2\/types\/page"}],"author":[{"embeddable":true,"href":"https:\/\/fliesen-holtermann.de\/index.php?rest_route=\/wp\/v2\/users\/1"}],"replies":[{"embeddable":true,"href":"https:\/\/fliesen-holtermann.de\/index.php?rest_route=%2Fwp%2Fv2%2Fcomments&post=13"}],"version-history":[{"count":74,"href":"https:\/\/fliesen-holtermann.de\/index.php?rest_route=\/wp\/v2\/pages\/13\/revisions"}],"predecessor-version":[{"id":2237,"href":"https:\/\/fliesen-holtermann.de\/index.php?rest_route=\/wp\/v2\/pages\/13\/revisions\/2237"}],"wp:featuredmedia":[{"embeddable":true,"href":"https:\/\/fliesen-holtermann.de\/index.php?rest_route=\/wp\/v2\/media\/523"}],"wp:attachment":[{"href":"https:\/\/fliesen-holtermann.de\/index.php?rest_route=%2Fwp%2Fv2%2Fmedia&parent=13"}],"curies":[{"name":"wp","href":"https:\/\/api.w.org\/{rel}","templated":true}]}}